{"id":85,"date":"2022-03-29T09:26:46","date_gmt":"2022-03-29T07:26:46","guid":{"rendered":"https:\/\/imfaco.umh.es\/?page_id=85"},"modified":"2022-03-31T11:16:43","modified_gmt":"2022-03-31T09:16:43","slug":"plenary-speakers","status":"publish","type":"page","link":"https:\/\/imfaco.umh.es\/en\/conference\/plenary-speakers\/","title":{"rendered":"Borrador autom\u00e1tico"},"content":{"rendered":"<p>[et_pb_section fb_built=&#8221;1&#8243; _builder_version=&#8221;4.2.2&#8243; background_image=&#8221;https:\/\/imfaco.umh.es\/files\/2022\/03\/1-1.jpg&#8221; height=&#8221;300px&#8221; height_tablet=&#8221;&#8221; height_phone=&#8221;&#8221; height_last_edited=&#8221;on|phone&#8221; locked=&#8221;off&#8221;][et_pb_row _builder_version=&#8221;4.2.2&#8243;][et_pb_column type=&#8221;4_4&#8243; _builder_version=&#8221;4.2.2&#8243;][et_pb_text _builder_version=&#8221;4.2.2&#8243; text_font=&#8221;||||||||&#8221; text_text_color=&#8221;#ffffff&#8221; header_text_color=&#8221;#000000&#8243; use_background_color_gradient=&#8221;on&#8221; background_color_gradient_start=&#8221;rgba(0,0,0,0.5)&#8221; background_color_gradient_end=&#8221;rgba(0,0,0,0.5)&#8221; text_orientation=&#8221;center&#8221; background_layout=&#8221;dark&#8221; max_width=&#8221;60%&#8221; module_alignment=&#8221;center&#8221;]<\/p>\n<h1><span style=\"color: #ffffff\">International Meeting on Functional Analysis and Continuous Optimization<\/span><\/h1>\n<p>[\/et_pb_text][\/et_pb_column][\/et_pb_row][\/et_pb_section][et_pb_section fb_built=&#8221;1&#8243; fullwidth=&#8221;on&#8221; _builder_version=&#8221;4.2.2&#8243; locked=&#8221;off&#8221;][et_pb_fullwidth_menu menu_id=&#8221;343817&#8243; active_link_color=&#8221;#ffffff&#8221; _builder_version=&#8221;4.2.2&#8243; background_color=&#8221;#028ee0&#8243; text_orientation=&#8221;center&#8221; background_layout=&#8221;dark&#8221;][\/et_pb_fullwidth_menu][\/et_pb_section][et_pb_section fb_built=&#8221;1&#8243; _builder_version=&#8221;4.2.2&#8243; locked=&#8221;off&#8221;][et_pb_row _builder_version=&#8221;4.2.2&#8243;][et_pb_column type=&#8221;4_4&#8243; _builder_version=&#8221;4.2.2&#8243;][et_pb_text _builder_version=&#8221;4.2.2&#8243;]<\/p>\n<p><span style=\"font-weight: 400\">Plenary Speakers:<\/span><\/p>\n<p><span style=\"font-weight: 400\">Prof. Lydia Au\u00dfenhofer, Universit\u00e4t Passau, Germany<\/span><\/p>\n<p><span style=\"font-weight: 400\">Prof. Gerald Beer, California State University, Los Angeles, USA<\/span><\/p>\n<p><span style=\"font-weight: 400\">Prof. Jos\u00e9 Bonet, Universitat Polit\u00e9cnica de Valencia, Spain<\/span><\/p>\n<p><span style=\"font-weight: 400\">Prof. Mar\u00eda Jes\u00fas Chasco, Universidad de Navarra, Pamplona, Spain<\/span><\/p>\n<p><span style=\"font-weight: 400\">Prof. Saak S. Gabriyelyan, Ben-Gurion University of the Negev, Beer-Sheva, Israel<\/span><\/p>\n<p><span style=\"font-weight: 400\">Prof. Helmut Gfrerer, Johannes Kepler University, Linz, Austria<\/span><\/p>\n<p><span style=\"font-weight: 400\">Prof. Lidia Huerga, <\/span><span style=\"font-weight: 400\">Universidad Nacional de Educaci\u00f3n a Distancia<\/span><span style=\"font-weight: 400\">, Madrid, Spain<\/span><\/p>\n<p><span style=\"font-weight: 400\">Prof. Jerzy Kakol, Adam Mickiewicz University, Poznan, Poland<\/span><\/p>\n<p><span style=\"font-weight: 400\">Prof. Diethard Klatte, Universit\u00e4t Z\u00fcrich, Zurich, Swiss<\/span><\/p>\n<p><span style=\"font-weight: 400\">Prof. Arkady Leiderman, Ben-Gurion University of the Negev, Beer-Sheva, Israel<\/span><\/p>\n<p><span style=\"font-weight: 400\">Prof. Marco Antonio L\u00f3pez Cerd\u00e1, Universidad de Alicante, Alicante, Spain\u00a0<\/span><\/p>\n<p><span style=\"font-weight: 400\">Prof. Manuel L\u00f3pez Pellicer, Universidad Polit\u00e9cnica de Valencia, Valencia, Spain<\/span><\/p>\n<p><span style=\"font-weight: 400\">Prof. Elena Mart\u00edn Peinador, Universidad Complutense, Madrid, Spain<\/span><\/p>\n<p><span style=\"font-weight: 400\">Prof. Juan Enrique Mart\u00ednez Legaz, Universidad Aut\u00f3noma de Barcelona, Barcelona, Spain<\/span><\/p>\n<p><span style=\"font-weight: 400\">Prof. Boris Mordukhovich, Wayne State University, Detroit, USA<\/span><\/p>\n<p><span style=\"font-weight: 400\">Prof. Agnieszka Ziemkowska-Siwek, Poznan University of Technology, Poznan, Poland<\/span><\/p>\n<p>[\/et_pb_text][\/et_pb_column][\/et_pb_row][\/et_pb_section]<\/p>\n","protected":false},"excerpt":{"rendered":"<p>International Meeting on Functional Analysis and Continuous OptimizationPlenary Speakers: Prof. Lydia Au\u00dfenhofer, Universit\u00e4t Passau, Germany Prof. Gerald Beer, California State University, Los Angeles, USA Prof. Jos\u00e9 Bonet, Universitat Polit\u00e9cnica de Valencia, Spain Prof. Mar\u00eda Jes\u00fas Chasco, Universidad de Navarra, Pamplona, Spain Prof. Saak S. Gabriyelyan, Ben-Gurion University of the Negev, Beer-Sheva, Israel Prof. Helmut Gfrerer, [&hellip;]<\/p>\n","protected":false},"author":17725,"featured_media":0,"parent":61,"menu_order":0,"comment_status":"closed","ping_status":"closed","template":"","meta":{"_et_pb_use_builder":"on","_et_pb_old_content":"","_et_gb_content_width":"","_links_to":"","_links_to_target":""},"_links":{"self":[{"href":"https:\/\/imfaco.umh.es\/en\/wp-json\/wp\/v2\/pages\/85"}],"collection":[{"href":"https:\/\/imfaco.umh.es\/en\/wp-json\/wp\/v2\/pages"}],"about":[{"href":"https:\/\/imfaco.umh.es\/en\/wp-json\/wp\/v2\/types\/page"}],"author":[{"embeddable":true,"href":"https:\/\/imfaco.umh.es\/en\/wp-json\/wp\/v2\/users\/17725"}],"replies":[{"embeddable":true,"href":"https:\/\/imfaco.umh.es\/en\/wp-json\/wp\/v2\/comments?post=85"}],"version-history":[{"count":0,"href":"https:\/\/imfaco.umh.es\/en\/wp-json\/wp\/v2\/pages\/85\/revisions"}],"up":[{"embeddable":true,"href":"https:\/\/imfaco.umh.es\/en\/wp-json\/wp\/v2\/pages\/61"}],"wp:attachment":[{"href":"https:\/\/imfaco.umh.es\/en\/wp-json\/wp\/v2\/media?parent=85"}],"curies":[{"name":"wp","href":"https:\/\/api.w.org\/{rel}","templated":true}]}}